{"id":356,"date":"2026-02-26T14:02:01","date_gmt":"2026-02-26T14:02:01","guid":{"rendered":"http:\/\/mathis-leroux.local\/?post_type=product&#038;p=356"},"modified":"2026-03-07T15:09:46","modified_gmt":"2026-03-07T15:09:46","slug":"resilience","status":"publish","type":"product","link":"https:\/\/mathisleroux.com\/fr\/produit\/resilience\/","title":{"rendered":"Resilience"},"content":{"rendered":"","protected":false},"excerpt":{"rendered":"<p>Sculpture en bois et peinture acrylique<br \/>\nDimensions : 44 x 87 cm (17 x 34 in)<\/p>\n<p>Cette \u0153uvre est une pi\u00e8ce exp\u00e9rimentale et n'est pas disponible \u00e0 la vente.<\/p>","protected":false},"featured_media":1365,"template":"","meta":{"bwfblock_default_font":"","_uag_custom_page_level_css":"","site-sidebar-layout":"default","site-content-layout":"","ast-site-content-layout":"default","site-content-style":"default","site-sidebar-style":"default","ast-global-header-display":"","ast-banner-title-visibility":"","ast-main-header-display":"","ast-hfb-above-header-display":"","ast-hfb-below-header-display":"","ast-hfb-mobile-header-display":"","site-post-title":"","ast-breadcrumbs-content":"","ast-featured-img":"","footer-sml-layout":"","theme-transparent-header-meta":"default","adv-header-id-meta":"","stick-header-meta":"","header-above-stick-meta":"","header-main-stick-meta":"","header-below-stick-meta":"","astra-migrate-meta-layouts":"set","ast-page-background-enabled":"default","ast-page-background-meta":{"desktop":{"background-color":"var(--ast-global-color-5)","background-image":"","background-repeat":"repeat","background-position":"center center","background-size":"auto","background-attachment":"scroll","background-type":"","background-media":"","overlay-type":"","overlay-color":"","overlay-opacity":"","overlay-gradient":""},"tablet":{"background-color":"","background-image":"","background-repeat":"repeat","background-position":"center center","background-size":"auto","background-attachment":"scroll","background-type":"","background-media":"","overlay-type":"","overlay-color":"","overlay-opacity":"","overlay-gradient":""},"mobile":{"background-color":"","background-image":"","background-repeat":"repeat","background-position":"center center","background-size":"auto","background-attachment":"scroll","background-type":"","background-media":"","overlay-type":"","overlay-color":"","overlay-opacity":"","overlay-gradient":""}},"ast-content-background-meta":{"desktop":{"background-color":"var(--ast-global-color-4)","background-image":"","background-repeat":"repeat","background-position":"center center","background-size":"auto","background-attachment":"scroll","background-type":"","background-media":"","overlay-type":"","overlay-color":"","overlay-opacity":"","overlay-gradient":""},"tablet":{"background-color":"var(--ast-global-color-4)","background-image":"","background-repeat":"repeat","background-position":"center center","background-size":"auto","background-attachment":"scroll","background-type":"","background-media":"","overlay-type":"","overlay-color":"","overlay-opacity":"","overlay-gradient":""},"mobile":{"background-color":"var(--ast-global-color-4)","background-image":"","background-repeat":"repeat","background-position":"center center","background-size":"auto","background-attachment":"scroll","background-type":"","background-media":"","overlay-type":"","overlay-color":"","overlay-opacity":"","overlay-gradient":""}}},"product_brand":[],"product_cat":[18],"product_tag":[],"class_list":{"0":"post-356","1":"product","2":"type-product","3":"status-publish","4":"has-post-thumbnail","6":"product_cat-portraits","7":"desktop-align-center","8":"tablet-align-left","9":"mobile-align-center","11":"first","12":"instock","13":"sold-individually","14":"taxable","15":"shipping-taxable","16":"product-type-simple"},"yoast_head":"<!-- This site is optimized with the Yoast SEO plugin v27.3 - https:\/\/yoast.com\/product\/yoast-seo-wordpress\/ -->\n<title>Resilience - Mathis Leroux<\/title>\n<meta name=\"robots\" content=\"index, follow, max-snippet:-1, max-image-preview:large, max-video-preview:-1\" \/>\n<link rel=\"canonical\" href=\"https:\/\/mathisleroux.com\/fr\/produit\/resilience\/\" \/>\n<meta property=\"og:locale\" content=\"fr_FR\" \/>\n<meta property=\"og:type\" content=\"article\" \/>\n<meta property=\"og:title\" content=\"Resilience - Mathis Leroux\" \/>\n<meta property=\"og:description\" content=\"Wood sculpture and acrylic paint Dimensions : 44 x 87 cm (17 x 34 in)  This work is an experimental piece and is not available for sale.\" \/>\n<meta property=\"og:url\" content=\"https:\/\/mathisleroux.com\/fr\/produit\/resilience\/\" \/>\n<meta property=\"og:site_name\" content=\"Mathis Leroux\" \/>\n<meta property=\"article:modified_time\" content=\"2026-03-07T15:09:46+00:00\" \/>\n<meta property=\"og:image\" content=\"https:\/\/mathisleroux.com\/wp-content\/uploads\/2025\/08\/IMG_3987-scaled.jpg\" \/>\n\t<meta property=\"og:image:width\" content=\"2560\" \/>\n\t<meta property=\"og:image:height\" content=\"2560\" \/>\n\t<meta property=\"og:image:type\" content=\"image\/jpeg\" \/>\n<meta name=\"twitter:card\" content=\"summary_large_image\" \/>\n<script type=\"application\/ld+json\" class=\"yoast-schema-graph\">{\"@context\":\"https:\\\/\\\/schema.org\",\"@graph\":[{\"@type\":\"WebPage\",\"@id\":\"https:\\\/\\\/mathisleroux.com\\\/product\\\/resilience\\\/\",\"url\":\"https:\\\/\\\/mathisleroux.com\\\/product\\\/resilience\\\/\",\"name\":\"Resilience - Mathis Leroux\",\"isPartOf\":{\"@id\":\"https:\\\/\\\/mathisleroux.com\\\/#website\"},\"primaryImageOfPage\":{\"@id\":\"https:\\\/\\\/mathisleroux.com\\\/product\\\/resilience\\\/#primaryimage\"},\"image\":{\"@id\":\"https:\\\/\\\/mathisleroux.com\\\/product\\\/resilience\\\/#primaryimage\"},\"thumbnailUrl\":\"https:\\\/\\\/mathisleroux.com\\\/wp-content\\\/uploads\\\/2025\\\/08\\\/IMG_3987-scaled.jpg\",\"datePublished\":\"2026-02-26T14:02:01+00:00\",\"dateModified\":\"2026-03-07T15:09:46+00:00\",\"breadcrumb\":{\"@id\":\"https:\\\/\\\/mathisleroux.com\\\/product\\\/resilience\\\/#breadcrumb\"},\"inLanguage\":\"fr-FR\",\"potentialAction\":[{\"@type\":\"ReadAction\",\"target\":[\"https:\\\/\\\/mathisleroux.com\\\/product\\\/resilience\\\/\"]}]},{\"@type\":\"ImageObject\",\"inLanguage\":\"fr-FR\",\"@id\":\"https:\\\/\\\/mathisleroux.com\\\/product\\\/resilience\\\/#primaryimage\",\"url\":\"https:\\\/\\\/mathisleroux.com\\\/wp-content\\\/uploads\\\/2025\\\/08\\\/IMG_3987-scaled.jpg\",\"contentUrl\":\"https:\\\/\\\/mathisleroux.com\\\/wp-content\\\/uploads\\\/2025\\\/08\\\/IMG_3987-scaled.jpg\",\"width\":2560,\"height\":2560},{\"@type\":\"BreadcrumbList\",\"@id\":\"https:\\\/\\\/mathisleroux.com\\\/product\\\/resilience\\\/#breadcrumb\",\"itemListElement\":[{\"@type\":\"ListItem\",\"position\":1,\"name\":\"Accueil\",\"item\":\"https:\\\/\\\/mathisleroux.com\\\/\"},{\"@type\":\"ListItem\",\"position\":2,\"name\":\"Artworks\",\"item\":\"https:\\\/\\\/mathisleroux.com\\\/shop\\\/\"},{\"@type\":\"ListItem\",\"position\":3,\"name\":\"Resilience\"}]},{\"@type\":\"WebSite\",\"@id\":\"https:\\\/\\\/mathisleroux.com\\\/#website\",\"url\":\"https:\\\/\\\/mathisleroux.com\\\/\",\"name\":\"Mathis Leroux\",\"description\":\"Contemporary Wood Portraits &amp; Stone-Effect Art\",\"potentialAction\":[{\"@type\":\"SearchAction\",\"target\":{\"@type\":\"EntryPoint\",\"urlTemplate\":\"https:\\\/\\\/mathisleroux.com\\\/?s={search_term_string}\"},\"query-input\":{\"@type\":\"PropertyValueSpecification\",\"valueRequired\":true,\"valueName\":\"search_term_string\"}}],\"inLanguage\":\"fr-FR\"}]}<\/script>\n<!-- \/ Yoast SEO plugin. -->","yoast_head_json":{"title":"Resilience - Mathis Leroux","robots":{"index":"index","follow":"follow","max-snippet":"max-snippet:-1","max-image-preview":"max-image-preview:large","max-video-preview":"max-video-preview:-1"},"canonical":"https:\/\/mathisleroux.com\/fr\/produit\/resilience\/","og_locale":"fr_FR","og_type":"article","og_title":"Resilience - Mathis Leroux","og_description":"Wood sculpture and acrylic paint Dimensions : 44 x 87 cm (17 x 34 in)  This work is an experimental piece and is not available for sale.","og_url":"https:\/\/mathisleroux.com\/fr\/produit\/resilience\/","og_site_name":"Mathis Leroux","article_modified_time":"2026-03-07T15:09:46+00:00","og_image":[{"width":2560,"height":2560,"url":"https:\/\/mathisleroux.com\/wp-content\/uploads\/2025\/08\/IMG_3987-scaled.jpg","type":"image\/jpeg"}],"twitter_card":"summary_large_image","schema":{"@context":"https:\/\/schema.org","@graph":[{"@type":"WebPage","@id":"https:\/\/mathisleroux.com\/product\/resilience\/","url":"https:\/\/mathisleroux.com\/product\/resilience\/","name":"Resilience - Mathis Leroux","isPartOf":{"@id":"https:\/\/mathisleroux.com\/#website"},"primaryImageOfPage":{"@id":"https:\/\/mathisleroux.com\/product\/resilience\/#primaryimage"},"image":{"@id":"https:\/\/mathisleroux.com\/product\/resilience\/#primaryimage"},"thumbnailUrl":"https:\/\/mathisleroux.com\/wp-content\/uploads\/2025\/08\/IMG_3987-scaled.jpg","datePublished":"2026-02-26T14:02:01+00:00","dateModified":"2026-03-07T15:09:46+00:00","breadcrumb":{"@id":"https:\/\/mathisleroux.com\/product\/resilience\/#breadcrumb"},"inLanguage":"fr-FR","potentialAction":[{"@type":"ReadAction","target":["https:\/\/mathisleroux.com\/product\/resilience\/"]}]},{"@type":"ImageObject","inLanguage":"fr-FR","@id":"https:\/\/mathisleroux.com\/product\/resilience\/#primaryimage","url":"https:\/\/mathisleroux.com\/wp-content\/uploads\/2025\/08\/IMG_3987-scaled.jpg","contentUrl":"https:\/\/mathisleroux.com\/wp-content\/uploads\/2025\/08\/IMG_3987-scaled.jpg","width":2560,"height":2560},{"@type":"BreadcrumbList","@id":"https:\/\/mathisleroux.com\/product\/resilience\/#breadcrumb","itemListElement":[{"@type":"ListItem","position":1,"name":"Accueil","item":"https:\/\/mathisleroux.com\/"},{"@type":"ListItem","position":2,"name":"Artworks","item":"https:\/\/mathisleroux.com\/shop\/"},{"@type":"ListItem","position":3,"name":"Resilience"}]},{"@type":"WebSite","@id":"https:\/\/mathisleroux.com\/#website","url":"https:\/\/mathisleroux.com\/","name":"Mathis Leroux","description":"Contemporary Wood Portraits &amp; Stone-Effect Art","potentialAction":[{"@type":"SearchAction","target":{"@type":"EntryPoint","urlTemplate":"https:\/\/mathisleroux.com\/?s={search_term_string}"},"query-input":{"@type":"PropertyValueSpecification","valueRequired":true,"valueName":"search_term_string"}}],"inLanguage":"fr-FR"}]}},"uagb_featured_image_src":{"full":["https:\/\/mathisleroux.com\/wp-content\/uploads\/2025\/08\/IMG_3987-scaled.jpg",2560,2560,false],"thumbnail":["https:\/\/mathisleroux.com\/wp-content\/uploads\/2025\/08\/IMG_3987-150x150.jpg",150,150,true],"medium":["https:\/\/mathisleroux.com\/wp-content\/uploads\/2025\/08\/IMG_3987-300x300.jpg",300,300,true],"medium_large":["https:\/\/mathisleroux.com\/wp-content\/uploads\/2025\/08\/IMG_3987-768x768.jpg",768,768,true],"large":["https:\/\/mathisleroux.com\/wp-content\/uploads\/2025\/08\/IMG_3987-1024x1024.jpg",1024,1024,true],"1536x1536":["https:\/\/mathisleroux.com\/wp-content\/uploads\/2025\/08\/IMG_3987-1536x1536.jpg",1536,1536,true],"2048x2048":["https:\/\/mathisleroux.com\/wp-content\/uploads\/2025\/08\/IMG_3987-2048x2048.jpg",2048,2048,true],"trp-custom-language-flag":["https:\/\/mathisleroux.com\/wp-content\/uploads\/2025\/08\/IMG_3987-12x12.jpg",12,12,true],"woocommerce_thumbnail":["https:\/\/mathisleroux.com\/wp-content\/uploads\/2025\/08\/IMG_3987-300x300.jpg",300,300,true],"woocommerce_single":["https:\/\/mathisleroux.com\/wp-content\/uploads\/2025\/08\/IMG_3987-600x600.jpg",600,600,true],"woocommerce_gallery_thumbnail":["https:\/\/mathisleroux.com\/wp-content\/uploads\/2025\/08\/IMG_3987-100x100.jpg",100,100,true]},"uagb_author_info":{"display_name":"Mathis","author_link":"https:\/\/mathisleroux.com\/fr\/author\/"},"uagb_comment_info":0,"uagb_excerpt":"Wood sculpture and acrylic paint Dimensions : 44 x 87 cm (17 x 34 in) This work is an experimental piece and is not available for sale.","jetpack_sharing_enabled":true,"_links":{"self":[{"href":"https:\/\/mathisleroux.com\/fr\/wp-json\/wp\/v2\/product\/356","targetHints":{"allow":["GET"]}}],"collection":[{"href":"https:\/\/mathisleroux.com\/fr\/wp-json\/wp\/v2\/product"}],"about":[{"href":"https:\/\/mathisleroux.com\/fr\/wp-json\/wp\/v2\/types\/product"}],"wp:featuredmedia":[{"embeddable":true,"href":"https:\/\/mathisleroux.com\/fr\/wp-json\/wp\/v2\/media\/1365"}],"wp:attachment":[{"href":"https:\/\/mathisleroux.com\/fr\/wp-json\/wp\/v2\/media?parent=356"}],"wp:term":[{"taxonomy":"product_brand","embeddable":true,"href":"https:\/\/mathisleroux.com\/fr\/wp-json\/wp\/v2\/product_brand?post=356"},{"taxonomy":"product_cat","embeddable":true,"href":"https:\/\/mathisleroux.com\/fr\/wp-json\/wp\/v2\/product_cat?post=356"},{"taxonomy":"product_tag","embeddable":true,"href":"https:\/\/mathisleroux.com\/fr\/wp-json\/wp\/v2\/product_tag?post=356"}],"curies":[{"name":"wp","href":"https:\/\/api.w.org\/{rel}","templated":true}]}}