{"id":250,"date":"2025-08-18T10:56:44","date_gmt":"2025-08-18T10:56:44","guid":{"rendered":"http:\/\/mathis-leroux.local\/?post_type=product&#038;p=250"},"modified":"2026-03-12T11:15:49","modified_gmt":"2026-03-12T11:15:49","slug":"intense-one","status":"publish","type":"product","link":"https:\/\/mathisleroux.com\/fr\/produit\/intense-one\/","title":{"rendered":"Contemplation"},"content":{"rendered":"","protected":false},"excerpt":{"rendered":"<div class=\"woocommerce-product-details__short-description\">\n<p>Sculpture en bois et peinture acrylique<br \/>\nDimensions : 53 x 83 cm (20.9 x 32.7 in)<\/p>\n<p>Chaque pi\u00e8ce est dessin\u00e9e, peinte et assembl\u00e9e \u00e0 la main. Elles sont toutes sign\u00e9es, dat\u00e9es et accompagn\u00e9es d'un certificat d'authenticit\u00e9, et sont limit\u00e9es \u00e0 8 \u00e9ditions.<\/p>\n<p>Livraison incluse en France.<br \/>\nLes frais de livraison internationale sont calcul\u00e9s dans le devis.<\/p>\n<p><em>Paiement non imm\u00e9diat \u2014 Confirmation et devis envoy\u00e9s par courriel<\/em><\/p>\n<\/div>\n<form class=\"cart\" action=\"https:\/\/mathisleroux.com\/fr\/produit\/intense-gaze\/\" enctype=\"multipart\/form-data\" method=\"post\" data-trp-original-action=\"https:\/\/mathisleroux.com\/product\/intense-gaze\/\">\n<div class=\"quantity\"><\/div>\n<input type=\"hidden\" name=\"trp-form-language\" value=\"fr\"\/><\/form>","protected":false},"featured_media":1600,"template":"","meta":{"bwfblock_default_font":"","_uag_custom_page_level_css":"","site-sidebar-layout":"default","site-content-layout":"","ast-site-content-layout":"default","site-content-style":"default","site-sidebar-style":"default","ast-global-header-display":"","ast-banner-title-visibility":"","ast-main-header-display":"","ast-hfb-above-header-display":"","ast-hfb-below-header-display":"","ast-hfb-mobile-header-display":"","site-post-title":"","ast-breadcrumbs-content":"","ast-featured-img":"","footer-sml-layout":"","theme-transparent-header-meta":"default","adv-header-id-meta":"","stick-header-meta":"","header-above-stick-meta":"","header-main-stick-meta":"","header-below-stick-meta":"","astra-migrate-meta-layouts":"set","ast-page-background-enabled":"default","ast-page-background-meta":{"desktop":{"background-color":"var(--ast-global-color-5)","background-image":"","background-repeat":"repeat","background-position":"center center","background-size":"auto","background-attachment":"scroll","background-type":"","background-media":"","overlay-type":"","overlay-color":"","overlay-opacity":"","overlay-gradient":""},"tablet":{"background-color":"","background-image":"","background-repeat":"repeat","background-position":"center center","background-size":"auto","background-attachment":"scroll","background-type":"","background-media":"","overlay-type":"","overlay-color":"","overlay-opacity":"","overlay-gradient":""},"mobile":{"background-color":"","background-image":"","background-repeat":"repeat","background-position":"center center","background-size":"auto","background-attachment":"scroll","background-type":"","background-media":"","overlay-type":"","overlay-color":"","overlay-opacity":"","overlay-gradient":""}},"ast-content-background-meta":{"desktop":{"background-color":"var(--ast-global-color-4)","background-image":"","background-repeat":"repeat","background-position":"center center","background-size":"auto","background-attachment":"scroll","background-type":"","background-media":"","overlay-type":"","overlay-color":"","overlay-opacity":"","overlay-gradient":""},"tablet":{"background-color":"var(--ast-global-color-4)","background-image":"","background-repeat":"repeat","background-position":"center center","background-size":"auto","background-attachment":"scroll","background-type":"","background-media":"","overlay-type":"","overlay-color":"","overlay-opacity":"","overlay-gradient":""},"mobile":{"background-color":"var(--ast-global-color-4)","background-image":"","background-repeat":"repeat","background-position":"center center","background-size":"auto","background-attachment":"scroll","background-type":"","background-media":"","overlay-type":"","overlay-color":"","overlay-opacity":"","overlay-gradient":""}}},"product_brand":[],"product_cat":[18],"product_tag":[],"class_list":{"0":"post-250","1":"product","2":"type-product","3":"status-publish","4":"has-post-thumbnail","6":"product_cat-portraits","7":"desktop-align-center","8":"tablet-align-left","9":"mobile-align-center","11":"first","12":"instock","13":"sold-individually","14":"taxable","15":"shipping-taxable","16":"purchasable","17":"product-type-simple"},"yoast_head":"<!-- This site is optimized with the Yoast SEO plugin v27.3 - https:\/\/yoast.com\/product\/yoast-seo-wordpress\/ -->\n<title>Contemplation - Mathis Leroux<\/title>\n<meta name=\"robots\" content=\"index, follow, max-snippet:-1, max-image-preview:large, max-video-preview:-1\" \/>\n<link rel=\"canonical\" href=\"https:\/\/mathisleroux.com\/fr\/produit\/intense-one\/\" \/>\n<meta property=\"og:locale\" content=\"fr_FR\" \/>\n<meta property=\"og:type\" content=\"article\" \/>\n<meta property=\"og:title\" content=\"Contemplation - Mathis Leroux\" \/>\n<meta property=\"og:description\" content=\"Wood sculpture and acrylic paint Dimensions : 53 x 83 cm (20.9 x 32.7 in)  Each piece is\u00a0drawn,\u00a0painted, and\u00a0assembled by hand. They are all signed, dated, and accompanied by a\u00a0certificate of authenticity, and are limited to\u00a08 editions.  Shipping included in France. International shipping calculated in the quote.  No immediate payment \u2014 Confirmation and quote sent by email\" \/>\n<meta property=\"og:url\" content=\"https:\/\/mathisleroux.com\/fr\/produit\/intense-one\/\" \/>\n<meta property=\"og:site_name\" content=\"Mathis Leroux\" \/>\n<meta property=\"article:modified_time\" content=\"2026-03-12T11:15:49+00:00\" \/>\n<meta property=\"og:image\" content=\"https:\/\/mathisleroux.com\/wp-content\/uploads\/2025\/08\/IMG_6613-scaled.webp\" \/>\n\t<meta property=\"og:image:width\" content=\"2560\" \/>\n\t<meta property=\"og:image:height\" content=\"2560\" \/>\n\t<meta property=\"og:image:type\" content=\"image\/webp\" \/>\n<meta name=\"twitter:card\" content=\"summary_large_image\" \/>\n<meta name=\"twitter:label1\" content=\"Dur\u00e9e de lecture estim\u00e9e\" \/>\n\t<meta name=\"twitter:data1\" content=\"1 minute\" \/>\n<script type=\"application\/ld+json\" class=\"yoast-schema-graph\">{\"@context\":\"https:\\\/\\\/schema.org\",\"@graph\":[{\"@type\":\"WebPage\",\"@id\":\"https:\\\/\\\/mathisleroux.com\\\/product\\\/intense-one\\\/\",\"url\":\"https:\\\/\\\/mathisleroux.com\\\/product\\\/intense-one\\\/\",\"name\":\"Contemplation - Mathis Leroux\",\"isPartOf\":{\"@id\":\"https:\\\/\\\/mathisleroux.com\\\/#website\"},\"primaryImageOfPage\":{\"@id\":\"https:\\\/\\\/mathisleroux.com\\\/product\\\/intense-one\\\/#primaryimage\"},\"image\":{\"@id\":\"https:\\\/\\\/mathisleroux.com\\\/product\\\/intense-one\\\/#primaryimage\"},\"thumbnailUrl\":\"https:\\\/\\\/mathisleroux.com\\\/wp-content\\\/uploads\\\/2025\\\/08\\\/IMG_6613-scaled.webp\",\"datePublished\":\"2025-08-18T10:56:44+00:00\",\"dateModified\":\"2026-03-12T11:15:49+00:00\",\"breadcrumb\":{\"@id\":\"https:\\\/\\\/mathisleroux.com\\\/product\\\/intense-one\\\/#breadcrumb\"},\"inLanguage\":\"fr-FR\",\"potentialAction\":[{\"@type\":\"ReadAction\",\"target\":[\"https:\\\/\\\/mathisleroux.com\\\/product\\\/intense-one\\\/\"]}]},{\"@type\":\"ImageObject\",\"inLanguage\":\"fr-FR\",\"@id\":\"https:\\\/\\\/mathisleroux.com\\\/product\\\/intense-one\\\/#primaryimage\",\"url\":\"https:\\\/\\\/mathisleroux.com\\\/wp-content\\\/uploads\\\/2025\\\/08\\\/IMG_6613-scaled.webp\",\"contentUrl\":\"https:\\\/\\\/mathisleroux.com\\\/wp-content\\\/uploads\\\/2025\\\/08\\\/IMG_6613-scaled.webp\",\"width\":2560,\"height\":2560},{\"@type\":\"BreadcrumbList\",\"@id\":\"https:\\\/\\\/mathisleroux.com\\\/product\\\/intense-one\\\/#breadcrumb\",\"itemListElement\":[{\"@type\":\"ListItem\",\"position\":1,\"name\":\"Accueil\",\"item\":\"https:\\\/\\\/mathisleroux.com\\\/\"},{\"@type\":\"ListItem\",\"position\":2,\"name\":\"Artworks\",\"item\":\"https:\\\/\\\/mathisleroux.com\\\/shop\\\/\"},{\"@type\":\"ListItem\",\"position\":3,\"name\":\"Contemplation\"}]},{\"@type\":\"WebSite\",\"@id\":\"https:\\\/\\\/mathisleroux.com\\\/#website\",\"url\":\"https:\\\/\\\/mathisleroux.com\\\/\",\"name\":\"Mathis Leroux\",\"description\":\"Contemporary Wood Portraits &amp; Stone-Effect Art\",\"potentialAction\":[{\"@type\":\"SearchAction\",\"target\":{\"@type\":\"EntryPoint\",\"urlTemplate\":\"https:\\\/\\\/mathisleroux.com\\\/?s={search_term_string}\"},\"query-input\":{\"@type\":\"PropertyValueSpecification\",\"valueRequired\":true,\"valueName\":\"search_term_string\"}}],\"inLanguage\":\"fr-FR\"}]}<\/script>\n<!-- \/ Yoast SEO plugin. -->","yoast_head_json":{"title":"Contemplation - Mathis Leroux","robots":{"index":"index","follow":"follow","max-snippet":"max-snippet:-1","max-image-preview":"max-image-preview:large","max-video-preview":"max-video-preview:-1"},"canonical":"https:\/\/mathisleroux.com\/fr\/produit\/intense-one\/","og_locale":"fr_FR","og_type":"article","og_title":"Contemplation - Mathis Leroux","og_description":"Wood sculpture and acrylic paint Dimensions : 53 x 83 cm (20.9 x 32.7 in)  Each piece is\u00a0drawn,\u00a0painted, and\u00a0assembled by hand. They are all signed, dated, and accompanied by a\u00a0certificate of authenticity, and are limited to\u00a08 editions.  Shipping included in France. International shipping calculated in the quote.  No immediate payment \u2014 Confirmation and quote sent by email","og_url":"https:\/\/mathisleroux.com\/fr\/produit\/intense-one\/","og_site_name":"Mathis Leroux","article_modified_time":"2026-03-12T11:15:49+00:00","og_image":[{"width":2560,"height":2560,"url":"https:\/\/mathisleroux.com\/wp-content\/uploads\/2025\/08\/IMG_6613-scaled.webp","type":"image\/webp"}],"twitter_card":"summary_large_image","twitter_misc":{"Dur\u00e9e de lecture estim\u00e9e":"1 minute"},"schema":{"@context":"https:\/\/schema.org","@graph":[{"@type":"WebPage","@id":"https:\/\/mathisleroux.com\/product\/intense-one\/","url":"https:\/\/mathisleroux.com\/product\/intense-one\/","name":"Contemplation - Mathis Leroux","isPartOf":{"@id":"https:\/\/mathisleroux.com\/#website"},"primaryImageOfPage":{"@id":"https:\/\/mathisleroux.com\/product\/intense-one\/#primaryimage"},"image":{"@id":"https:\/\/mathisleroux.com\/product\/intense-one\/#primaryimage"},"thumbnailUrl":"https:\/\/mathisleroux.com\/wp-content\/uploads\/2025\/08\/IMG_6613-scaled.webp","datePublished":"2025-08-18T10:56:44+00:00","dateModified":"2026-03-12T11:15:49+00:00","breadcrumb":{"@id":"https:\/\/mathisleroux.com\/product\/intense-one\/#breadcrumb"},"inLanguage":"fr-FR","potentialAction":[{"@type":"ReadAction","target":["https:\/\/mathisleroux.com\/product\/intense-one\/"]}]},{"@type":"ImageObject","inLanguage":"fr-FR","@id":"https:\/\/mathisleroux.com\/product\/intense-one\/#primaryimage","url":"https:\/\/mathisleroux.com\/wp-content\/uploads\/2025\/08\/IMG_6613-scaled.webp","contentUrl":"https:\/\/mathisleroux.com\/wp-content\/uploads\/2025\/08\/IMG_6613-scaled.webp","width":2560,"height":2560},{"@type":"BreadcrumbList","@id":"https:\/\/mathisleroux.com\/product\/intense-one\/#breadcrumb","itemListElement":[{"@type":"ListItem","position":1,"name":"Accueil","item":"https:\/\/mathisleroux.com\/"},{"@type":"ListItem","position":2,"name":"Artworks","item":"https:\/\/mathisleroux.com\/shop\/"},{"@type":"ListItem","position":3,"name":"Contemplation"}]},{"@type":"WebSite","@id":"https:\/\/mathisleroux.com\/#website","url":"https:\/\/mathisleroux.com\/","name":"Mathis Leroux","description":"Contemporary Wood Portraits &amp; Stone-Effect Art","potentialAction":[{"@type":"SearchAction","target":{"@type":"EntryPoint","urlTemplate":"https:\/\/mathisleroux.com\/?s={search_term_string}"},"query-input":{"@type":"PropertyValueSpecification","valueRequired":true,"valueName":"search_term_string"}}],"inLanguage":"fr-FR"}]}},"uagb_featured_image_src":{"full":["https:\/\/mathisleroux.com\/wp-content\/uploads\/2025\/08\/IMG_6613-scaled.webp",2560,2560,false],"thumbnail":["https:\/\/mathisleroux.com\/wp-content\/uploads\/2025\/08\/IMG_6613-150x150.webp",150,150,true],"medium":["https:\/\/mathisleroux.com\/wp-content\/uploads\/2025\/08\/IMG_6613-300x300.webp",300,300,true],"medium_large":["https:\/\/mathisleroux.com\/wp-content\/uploads\/2025\/08\/IMG_6613-768x768.webp",768,768,true],"large":["https:\/\/mathisleroux.com\/wp-content\/uploads\/2025\/08\/IMG_6613-1024x1024.webp",1024,1024,true],"1536x1536":["https:\/\/mathisleroux.com\/wp-content\/uploads\/2025\/08\/IMG_6613-1536x1536.webp",1536,1536,true],"2048x2048":["https:\/\/mathisleroux.com\/wp-content\/uploads\/2025\/08\/IMG_6613-2048x2048.webp",2048,2048,true],"trp-custom-language-flag":["https:\/\/mathisleroux.com\/wp-content\/uploads\/2025\/08\/IMG_6613-12x12.webp",12,12,true],"woocommerce_thumbnail":["https:\/\/mathisleroux.com\/wp-content\/uploads\/2025\/08\/IMG_6613-300x300.webp",300,300,true],"woocommerce_single":["https:\/\/mathisleroux.com\/wp-content\/uploads\/2025\/08\/IMG_6613-600x600.webp",600,600,true],"woocommerce_gallery_thumbnail":["https:\/\/mathisleroux.com\/wp-content\/uploads\/2025\/08\/IMG_6613-100x100.webp",100,100,true]},"uagb_author_info":{"display_name":"Mathis","author_link":"https:\/\/mathisleroux.com\/fr\/author\/"},"uagb_comment_info":0,"uagb_excerpt":"Wood sculpture and acrylic paint Dimensions : 53 x 83 cm (20.9 x 32.7 in) Each piece is\u00a0drawn,\u00a0painted, and\u00a0assembled by hand. They are all signed, dated, and accompanied by a\u00a0certificate of authenticity, and are limited to\u00a08 editions. Shipping included in France. International shipping calculated in the quote. No immediate payment \u2014 Confirmation and quote sent\u2026","jetpack_sharing_enabled":true,"_links":{"self":[{"href":"https:\/\/mathisleroux.com\/fr\/wp-json\/wp\/v2\/product\/250","targetHints":{"allow":["GET"]}}],"collection":[{"href":"https:\/\/mathisleroux.com\/fr\/wp-json\/wp\/v2\/product"}],"about":[{"href":"https:\/\/mathisleroux.com\/fr\/wp-json\/wp\/v2\/types\/product"}],"wp:featuredmedia":[{"embeddable":true,"href":"https:\/\/mathisleroux.com\/fr\/wp-json\/wp\/v2\/media\/1600"}],"wp:attachment":[{"href":"https:\/\/mathisleroux.com\/fr\/wp-json\/wp\/v2\/media?parent=250"}],"wp:term":[{"taxonomy":"product_brand","embeddable":true,"href":"https:\/\/mathisleroux.com\/fr\/wp-json\/wp\/v2\/product_brand?post=250"},{"taxonomy":"product_cat","embeddable":true,"href":"https:\/\/mathisleroux.com\/fr\/wp-json\/wp\/v2\/product_cat?post=250"},{"taxonomy":"product_tag","embeddable":true,"href":"https:\/\/mathisleroux.com\/fr\/wp-json\/wp\/v2\/product_tag?post=250"}],"curies":[{"name":"wp","href":"https:\/\/api.w.org\/{rel}","templated":true}]}}