{"id":234,"date":"2025-08-18T09:52:08","date_gmt":"2025-08-18T09:52:08","guid":{"rendered":"http:\/\/mathis-leroux.local\/?page_id=234"},"modified":"2026-03-09T16:43:10","modified_gmt":"2026-03-09T16:43:10","slug":"mentions-legale","status":"publish","type":"page","link":"https:\/\/mathisleroux.com\/fr\/mentions-legale\/","title":{"rendered":"Mentions l\u00e9gales"},"content":{"rendered":"<h1 class=\"wp-block-heading has-text-align-center\">Mentions l\u00e9gales \u2013 Mathis Leroux<\/h1>\n\n\n\n<h3 class=\"wp-block-heading has-text-align-center\"><strong>\u00c9diteur du site<\/strong><\/h3>\n\n\n\n<p class=\"has-text-align-center\">Mathis Leroux, Entrepreneur Individuel (EI)<\/p>\n\n\n\n<p class=\"has-text-align-center\">SIRET : 992768069 00013<\/p>\n\n\n\n<p class=\"has-text-align-center\">N\u00b0 TVA intracommunautaire  : FR 20992768069<\/p>\n\n\n\n<p class=\"has-text-align-center\">Adresse : 84 Rue de Charentais, 37320 Truyes<\/p>\n\n\n\n<p class=\"has-text-align-center\">E-mail : <a href=\"mailto:mathisleroux.artiste@gmail.com\">contact@mathisleroux.com<\/a><\/p>\n\n\n\n<p class=\"has-text-align-center\">T\u00e9l\u00e9phone : 06 47 73 09 27<\/p>\n\n\n\n<h3 class=\"wp-block-heading has-text-align-center\"><strong>H\u00e9bergeur<\/strong><\/h3>\n\n\n\n<p class=\"has-text-align-center\">LWS (Ligne Web Services)<\/p>\n\n\n\n<p class=\"has-text-align-center\">Adresse : 10 rue Penthi\u00e8vre, 75008 Paris<\/p>\n\n\n\n<p class=\"has-text-align-center\">T\u00e9l\u00e9phone : +33 177 62 30 03<\/p>\n\n\n\n<p class=\"has-text-align-center\">Site web : www.lws.fr<\/p>\n\n\n\n<h3 class=\"wp-block-heading has-text-align-center\"><strong>Propri\u00e9t\u00e9 intellectuelle<\/strong><\/h3>\n\n\n\n<p class=\"has-text-align-center\">Tous les contenus du site (textes, images, vid\u00e9os, illustrations, logos, cr\u00e9ations artistiques) sont la propri\u00e9t\u00e9 exclusive de Mathis Leroux, sauf mention contraire.<\/p>\n\n\n\n<p class=\"has-text-align-center\">Toute reproduction, repr\u00e9sentation ou diffusion, totale ou partielle, est interdite sans autorisation \u00e9crite pr\u00e9alable.<\/p>\n\n\n\n<h3 class=\"wp-block-heading has-text-align-center\"><strong>Responsabilit\u00e9<\/strong><\/h3>\n\n\n\n<p class=\"has-text-align-center\">L\u2019\u00e9diteur ne peut \u00eatre tenu responsable des dommages r\u00e9sultant de l\u2019acc\u00e8s ou de l\u2019utilisation du site, des contenus externes ou d\u2019\u00e9ventuelles interruptions du service.<\/p>\n\n\n\n<p><\/p>","protected":false},"excerpt":{"rendered":"<p>Legal notices \u2013 Mathis Leroux Website publisher Mathis Leroux, Entrepreneur Individuel (EI) SIRET : 992768069 00013 N\u00b0 TVA intracommunautaire : [&hellip;]<\/p>\n","protected":false},"author":1,"featured_media":0,"parent":0,"menu_order":0,"comment_status":"closed","ping_status":"closed","template":"","meta":{"bwfblock_default_font":"","_uag_custom_page_level_css":"","site-sidebar-layout":"default","site-content-layout":"","ast-site-content-layout":"default","site-content-style":"default","site-sidebar-style":"default","ast-global-header-display":"","ast-banner-title-visibility":"","ast-main-header-display":"","ast-hfb-above-header-display":"","ast-hfb-below-header-display":"","ast-hfb-mobile-header-display":"","site-post-title":"disabled","ast-breadcrumbs-content":"","ast-featured-img":"","footer-sml-layout":"","theme-transparent-header-meta":"","adv-header-id-meta":"","stick-header-meta":"","header-above-stick-meta":"","header-main-stick-meta":"","header-below-stick-meta":"","astra-migrate-meta-layouts":"default","ast-page-background-enabled":"default","ast-page-background-meta":{"desktop":{"background-color":"var(--ast-global-color-5)","background-image":"","background-repeat":"repeat","background-position":"center center","background-size":"auto","background-attachment":"scroll","background-type":"","background-media":"","overlay-type":"","overlay-color":"","overlay-opacity":"","overlay-gradient":""},"tablet":{"background-color":"","background-image":"","background-repeat":"repeat","background-position":"center center","background-size":"auto","background-attachment":"scroll","background-type":"","background-media":"","overlay-type":"","overlay-color":"","overlay-opacity":"","overlay-gradient":""},"mobile":{"background-color":"","background-image":"","background-repeat":"repeat","background-position":"center center","background-size":"auto","background-attachment":"scroll","background-type":"","background-media":"","overlay-type":"","overlay-color":"","overlay-opacity":"","overlay-gradient":""}},"ast-content-background-meta":{"desktop":{"background-color":"var(--ast-global-color-4)","background-image":"","background-repeat":"repeat","background-position":"center center","background-size":"auto","background-attachment":"scroll","background-type":"","background-media":"","overlay-type":"","overlay-color":"","overlay-opacity":"","overlay-gradient":""},"tablet":{"background-color":"var(--ast-global-color-4)","background-image":"","background-repeat":"repeat","background-position":"center center","background-size":"auto","background-attachment":"scroll","background-type":"","background-media":"","overlay-type":"","overlay-color":"","overlay-opacity":"","overlay-gradient":""},"mobile":{"background-color":"var(--ast-global-color-4)","background-image":"","background-repeat":"repeat","background-position":"center center","background-size":"auto","background-attachment":"scroll","background-type":"","background-media":"","overlay-type":"","overlay-color":"","overlay-opacity":"","overlay-gradient":""}},"footnotes":""},"class_list":["post-234","page","type-page","status-publish","hentry"],"yoast_head":"<!-- This site is optimized with the Yoast SEO plugin v27.3 - https:\/\/yoast.com\/product\/yoast-seo-wordpress\/ -->\n<title>Mentions l\u00e9gales - Mathis Leroux<\/title>\n<meta name=\"robots\" content=\"noindex, follow\" \/>\n<meta property=\"og:locale\" content=\"fr_FR\" \/>\n<meta property=\"og:type\" content=\"article\" \/>\n<meta property=\"og:title\" content=\"Mentions l\u00e9gales - Mathis Leroux\" \/>\n<meta property=\"og:description\" content=\"Legal notices \u2013 Mathis Leroux Website publisher Mathis Leroux, Entrepreneur Individuel (EI) SIRET : 992768069 00013 N\u00b0 TVA intracommunautaire : [&hellip;]\" \/>\n<meta property=\"og:url\" content=\"https:\/\/mathisleroux.com\/fr\/mentions-legale\/\" \/>\n<meta property=\"og:site_name\" content=\"Mathis Leroux\" \/>\n<meta property=\"article:modified_time\" content=\"2026-03-09T16:43:10+00:00\" \/>\n<meta name=\"twitter:card\" content=\"summary_large_image\" \/>\n<meta name=\"twitter:label1\" content=\"Dur\u00e9e de lecture estim\u00e9e\" \/>\n\t<meta name=\"twitter:data1\" content=\"1 minute\" \/>\n<script type=\"application\/ld+json\" class=\"yoast-schema-graph\">{\"@context\":\"https:\\\/\\\/schema.org\",\"@graph\":[{\"@type\":\"WebPage\",\"@id\":\"https:\\\/\\\/mathisleroux.com\\\/mentions-legale\\\/\",\"url\":\"https:\\\/\\\/mathisleroux.com\\\/mentions-legale\\\/\",\"name\":\"Mentions l\u00e9gales - Mathis Leroux\",\"isPartOf\":{\"@id\":\"https:\\\/\\\/mathisleroux.com\\\/#website\"},\"datePublished\":\"2025-08-18T09:52:08+00:00\",\"dateModified\":\"2026-03-09T16:43:10+00:00\",\"breadcrumb\":{\"@id\":\"https:\\\/\\\/mathisleroux.com\\\/mentions-legale\\\/#breadcrumb\"},\"inLanguage\":\"fr-FR\",\"potentialAction\":[{\"@type\":\"ReadAction\",\"target\":[\"https:\\\/\\\/mathisleroux.com\\\/mentions-legale\\\/\"]}]},{\"@type\":\"BreadcrumbList\",\"@id\":\"https:\\\/\\\/mathisleroux.com\\\/mentions-legale\\\/#breadcrumb\",\"itemListElement\":[{\"@type\":\"ListItem\",\"position\":1,\"name\":\"Accueil\",\"item\":\"https:\\\/\\\/mathisleroux.com\\\/\"},{\"@type\":\"ListItem\",\"position\":2,\"name\":\"Mentions l\u00e9gales\"}]},{\"@type\":\"WebSite\",\"@id\":\"https:\\\/\\\/mathisleroux.com\\\/#website\",\"url\":\"https:\\\/\\\/mathisleroux.com\\\/\",\"name\":\"Mathis Leroux\",\"description\":\"Contemporary Wood Portraits &amp; Stone-Effect Art\",\"potentialAction\":[{\"@type\":\"SearchAction\",\"target\":{\"@type\":\"EntryPoint\",\"urlTemplate\":\"https:\\\/\\\/mathisleroux.com\\\/?s={search_term_string}\"},\"query-input\":{\"@type\":\"PropertyValueSpecification\",\"valueRequired\":true,\"valueName\":\"search_term_string\"}}],\"inLanguage\":\"fr-FR\"}]}<\/script>\n<!-- \/ Yoast SEO plugin. -->","yoast_head_json":{"title":"Mentions l\u00e9gales - Mathis Leroux","robots":{"index":"noindex","follow":"follow"},"og_locale":"fr_FR","og_type":"article","og_title":"Mentions l\u00e9gales - Mathis Leroux","og_description":"Legal notices \u2013 Mathis Leroux Website publisher Mathis Leroux, Entrepreneur Individuel (EI) SIRET : 992768069 00013 N\u00b0 TVA intracommunautaire : [&hellip;]","og_url":"https:\/\/mathisleroux.com\/fr\/mentions-legale\/","og_site_name":"Mathis Leroux","article_modified_time":"2026-03-09T16:43:10+00:00","twitter_card":"summary_large_image","twitter_misc":{"Dur\u00e9e de lecture estim\u00e9e":"1 minute"},"schema":{"@context":"https:\/\/schema.org","@graph":[{"@type":"WebPage","@id":"https:\/\/mathisleroux.com\/mentions-legale\/","url":"https:\/\/mathisleroux.com\/mentions-legale\/","name":"Mentions l\u00e9gales - Mathis Leroux","isPartOf":{"@id":"https:\/\/mathisleroux.com\/#website"},"datePublished":"2025-08-18T09:52:08+00:00","dateModified":"2026-03-09T16:43:10+00:00","breadcrumb":{"@id":"https:\/\/mathisleroux.com\/mentions-legale\/#breadcrumb"},"inLanguage":"fr-FR","potentialAction":[{"@type":"ReadAction","target":["https:\/\/mathisleroux.com\/mentions-legale\/"]}]},{"@type":"BreadcrumbList","@id":"https:\/\/mathisleroux.com\/mentions-legale\/#breadcrumb","itemListElement":[{"@type":"ListItem","position":1,"name":"Accueil","item":"https:\/\/mathisleroux.com\/"},{"@type":"ListItem","position":2,"name":"Mentions l\u00e9gales"}]},{"@type":"WebSite","@id":"https:\/\/mathisleroux.com\/#website","url":"https:\/\/mathisleroux.com\/","name":"Mathis Leroux","description":"Contemporary Wood Portraits &amp; Stone-Effect Art","potentialAction":[{"@type":"SearchAction","target":{"@type":"EntryPoint","urlTemplate":"https:\/\/mathisleroux.com\/?s={search_term_string}"},"query-input":{"@type":"PropertyValueSpecification","valueRequired":true,"valueName":"search_term_string"}}],"inLanguage":"fr-FR"}]}},"uagb_featured_image_src":{"full":false,"thumbnail":false,"medium":false,"medium_large":false,"large":false,"1536x1536":false,"2048x2048":false,"trp-custom-language-flag":false,"woocommerce_thumbnail":false,"woocommerce_single":false,"woocommerce_gallery_thumbnail":false},"uagb_author_info":{"display_name":"Mathis","author_link":"https:\/\/mathisleroux.com\/fr\/author\/mathis\/"},"uagb_comment_info":0,"uagb_excerpt":"Legal notices \u2013 Mathis Leroux Website publisher Mathis Leroux, Entrepreneur Individuel (EI) SIRET : 992768069 00013 N\u00b0 TVA intracommunautaire : [&hellip;]","jetpack_sharing_enabled":true,"_links":{"self":[{"href":"https:\/\/mathisleroux.com\/fr\/wp-json\/wp\/v2\/pages\/234","targetHints":{"allow":["GET"]}}],"collection":[{"href":"https:\/\/mathisleroux.com\/fr\/wp-json\/wp\/v2\/pages"}],"about":[{"href":"https:\/\/mathisleroux.com\/fr\/wp-json\/wp\/v2\/types\/page"}],"author":[{"embeddable":true,"href":"https:\/\/mathisleroux.com\/fr\/wp-json\/wp\/v2\/users\/1"}],"replies":[{"embeddable":true,"href":"https:\/\/mathisleroux.com\/fr\/wp-json\/wp\/v2\/comments?post=234"}],"version-history":[{"count":5,"href":"https:\/\/mathisleroux.com\/fr\/wp-json\/wp\/v2\/pages\/234\/revisions"}],"predecessor-version":[{"id":1579,"href":"https:\/\/mathisleroux.com\/fr\/wp-json\/wp\/v2\/pages\/234\/revisions\/1579"}],"wp:attachment":[{"href":"https:\/\/mathisleroux.com\/fr\/wp-json\/wp\/v2\/media?parent=234"}],"curies":[{"name":"wp","href":"https:\/\/api.w.org\/{rel}","templated":true}]}}