{"id":202,"date":"2025-08-17T15:42:40","date_gmt":"2025-08-17T15:42:40","guid":{"rendered":"http:\/\/mathis-leroux.local\/?page_id=202"},"modified":"2026-03-10T09:06:23","modified_gmt":"2026-03-10T09:06:23","slug":"about","status":"publish","type":"page","link":"https:\/\/mathisleroux.com\/fr\/about\/","title":{"rendered":"\u00c0 propos"},"content":{"rendered":"<div class=\"wp-block-media-text is-stacked-on-mobile\" style=\"border-style:none;border-width:0px;margin-top:0;margin-right:0;margin-bottom:0;margin-left:0;padding-top:0;padding-right:0;padding-bottom:0;padding-left:0;grid-template-columns:34% auto\"><figure class=\"wp-block-media-text__media\"><img loading=\"lazy\" decoding=\"async\" width=\"768\" height=\"1024\" src=\"https:\/\/mathisleroux.com\/wp-content\/uploads\/2026\/03\/IMG_6906-768x1024.webp\" alt=\"\" class=\"wp-image-1574 size-full\" srcset=\"https:\/\/mathisleroux.com\/wp-content\/uploads\/2026\/03\/IMG_6906-768x1024.webp 768w, https:\/\/mathisleroux.com\/wp-content\/uploads\/2026\/03\/IMG_6906-225x300.webp 225w, https:\/\/mathisleroux.com\/wp-content\/uploads\/2026\/03\/IMG_6906-1152x1536.webp 1152w, https:\/\/mathisleroux.com\/wp-content\/uploads\/2026\/03\/IMG_6906-1536x2048.webp 1536w, https:\/\/mathisleroux.com\/wp-content\/uploads\/2026\/03\/IMG_6906-9x12.webp 9w, https:\/\/mathisleroux.com\/wp-content\/uploads\/2026\/03\/IMG_6906-600x800.webp 600w, https:\/\/mathisleroux.com\/wp-content\/uploads\/2026\/03\/IMG_6906-scaled.webp 1920w\" sizes=\"auto, (max-width: 768px) 100vw, 768px\" \/><\/figure><div class=\"wp-block-media-text__content\">\n<h3 class=\"wp-block-heading\">Artiste<\/h3>\n\n\n\n<p style=\"padding-top:0;padding-right:var(--wp--preset--spacing--40);padding-bottom:0;padding-left:var(--wp--preset--spacing--40)\">Mathis Leroux, artiste fran\u00e7ais n\u00e9 en 2004, a suivi un cursus de trois ans dans une \u00e9cole d'art.<\/p>\n\n\n\n<p style=\"padding-top:0;padding-right:var(--wp--preset--spacing--40);padding-bottom:0;padding-left:var(--wp--preset--spacing--40)\">\u00ab Quand j'\u00e9tais plus jeune, je pratiquais l'origami, fascin\u00e9 par la fa\u00e7on dont une simple feuille de papier pouvait prendre trois dimensions. C'est probablement de l\u00e0 que vient mon besoin d'aller au-del\u00e0 du dessin en deux dimensions et de cr\u00e9er des \u0153uvres en trois dimensions.<\/p>\n\n\n\n<p style=\"padding-top:0;padding-right:var(--wp--preset--spacing--40);padding-bottom:0;padding-left:var(--wp--preset--spacing--40)\">Aujourd'hui, je travaille principalement avec le bois et le pl\u00e2tre. Ce sont des mat\u00e9riaux que j'aime manipuler pour cr\u00e9er des reliefs et jouer avec les textures. Je coupe, ponce, colle, peins et vernis pour donner naissance \u00e0 des compositions tridimensionnelles.<\/p>\n\n\n\n<p style=\"padding-right:var(--wp--preset--spacing--40);padding-left:var(--wp--preset--spacing--40)\">J'utilise diverses m\u00e9thodes, allant des techniques num\u00e9riques aux techniques plus traditionnelles. Je passe par plusieurs \u00e9tapes et utilise divers outils pour d\u00e9velopper mon expertise unique.<\/p>\n\n\n\n<h3 class=\"wp-block-heading\">Intentions<\/h3>\n\n\n\n<p style=\"margin-right:var(--wp--preset--spacing--40);margin-left:var(--wp--preset--spacing--40)\">\u00ab Mon travail explore diff\u00e9rentes formes d'illusion.<\/p>\n\n\n\n<p style=\"margin-right:var(--wp--preset--spacing--40);margin-left:var(--wp--preset--spacing--40)\">Dans mes portraits, je veux m'assurer que le spectateur ne reste pas passif. En modifiant la distance ou l'angle, le visage se transforme. Cette exp\u00e9rience me rappelle la vie elle-m\u00eame : parfois, il faut prendre du recul pour percevoir la beaut\u00e9 d'un instant. Mes portraits v\u00e9hiculent ainsi un sentiment de nostalgie.<\/p>\n\n\n\n<p style=\"margin-right:var(--wp--preset--spacing--40);margin-left:var(--wp--preset--spacing--40)\">Dans mes \u0153uvres min\u00e9rales, l'illusion r\u00e9side davantage dans le mat\u00e9riau lui-m\u00eame. \u00c0 travers les textures, les reliefs et la peinture, je cherche \u00e0 donner l'impression d'une roche naturelle, fa\u00e7onn\u00e9e par le temps.<\/p>\n\n\n\n<p style=\"padding-right:var(--wp--preset--spacing--40);padding-left:var(--wp--preset--spacing--40)\">Dans les deux cas, mon intention est de transformer des mat\u00e9riaux simples en quelque chose qui semble vivant ou naturel, en jouant avec la perception, la lumi\u00e8re et la mati\u00e8re. \u00bb<\/p>\n\n\n\n<div class=\"wp-block-buttons is-layout-flex wp-block-buttons-is-layout-flex\">\n<div class=\"wp-block-button\"><a class=\"wp-block-button__link wp-element-button\" href=\"https:\/\/mathisleroux.com\/fr\/the-collections\/\">Les Collections<\/a><\/div>\n<\/div>\n<\/div><\/div>\n\n\n\n<p><\/p>","protected":false},"excerpt":{"rendered":"","protected":false},"author":1,"featured_media":0,"parent":0,"menu_order":0,"comment_status":"closed","ping_status":"closed","template":"","meta":{"bwfblock_default_font":"","_uag_custom_page_level_css":"","site-sidebar-layout":"default","site-content-layout":"","ast-site-content-layout":"default","site-content-style":"default","site-sidebar-style":"default","ast-global-header-display":"","ast-banner-title-visibility":"","ast-main-header-display":"","ast-hfb-above-header-display":"","ast-hfb-below-header-display":"","ast-hfb-mobile-header-display":"","site-post-title":"disabled","ast-breadcrumbs-content":"","ast-featured-img":"","footer-sml-layout":"","theme-transparent-header-meta":"","adv-header-id-meta":"","stick-header-meta":"","header-above-stick-meta":"","header-main-stick-meta":"","header-below-stick-meta":"","astra-migrate-meta-layouts":"default","ast-page-background-enabled":"default","ast-page-background-meta":{"desktop":{"background-color":"var(--ast-global-color-5)","background-image":"","background-repeat":"repeat","background-position":"center center","background-size":"auto","background-attachment":"scroll","background-type":"","background-media":"","overlay-type":"","overlay-color":"","overlay-opacity":"","overlay-gradient":""},"tablet":{"background-color":"","background-image":"","background-repeat":"repeat","background-position":"center center","background-size":"auto","background-attachment":"scroll","background-type":"","background-media":"","overlay-type":"","overlay-color":"","overlay-opacity":"","overlay-gradient":""},"mobile":{"background-color":"","background-image":"","background-repeat":"repeat","background-position":"center center","background-size":"auto","background-attachment":"scroll","background-type":"","background-media":"","overlay-type":"","overlay-color":"","overlay-opacity":"","overlay-gradient":""}},"ast-content-background-meta":{"desktop":{"background-color":"var(--ast-global-color-4)","background-image":"","background-repeat":"repeat","background-position":"center center","background-size":"auto","background-attachment":"scroll","background-type":"","background-media":"","overlay-type":"","overlay-color":"","overlay-opacity":"","overlay-gradient":""},"tablet":{"background-color":"var(--ast-global-color-4)","background-image":"","background-repeat":"repeat","background-position":"center center","background-size":"auto","background-attachment":"scroll","background-type":"","background-media":"","overlay-type":"","overlay-color":"","overlay-opacity":"","overlay-gradient":""},"mobile":{"background-color":"var(--ast-global-color-4)","background-image":"","background-repeat":"repeat","background-position":"center center","background-size":"auto","background-attachment":"scroll","background-type":"","background-media":"","overlay-type":"","overlay-color":"","overlay-opacity":"","overlay-gradient":""}},"footnotes":""},"class_list":["post-202","page","type-page","status-publish","hentry"],"yoast_head":"<!-- This site is optimized with the Yoast SEO plugin v27.3 - https:\/\/yoast.com\/product\/yoast-seo-wordpress\/ -->\n<title>About | Mathis Leroux<\/title>\n<meta name=\"description\" content=\"Mathis Leroux is a French artist born in 2004, who completed three years of training at an art school. He works with wood and plaster.\" \/>\n<meta name=\"robots\" content=\"index, follow, max-snippet:-1, max-image-preview:large, max-video-preview:-1\" \/>\n<link rel=\"canonical\" href=\"https:\/\/mathisleroux.com\/fr\/about\/\" \/>\n<meta property=\"og:locale\" content=\"fr_FR\" \/>\n<meta property=\"og:type\" content=\"article\" \/>\n<meta property=\"og:title\" content=\"About | Mathis Leroux\" \/>\n<meta property=\"og:description\" content=\"Mathis Leroux is a French artist born in 2004, who completed three years of training at an art school. He works with wood and plaster.\" \/>\n<meta property=\"og:url\" content=\"https:\/\/mathisleroux.com\/fr\/about\/\" \/>\n<meta property=\"og:site_name\" content=\"Mathis Leroux\" \/>\n<meta property=\"article:modified_time\" content=\"2026-03-10T09:06:23+00:00\" \/>\n<meta property=\"og:image\" content=\"https:\/\/mathisleroux.com\/wp-content\/uploads\/2026\/03\/IMG_6906-scaled.webp\" \/>\n\t<meta property=\"og:image:width\" content=\"1920\" \/>\n\t<meta property=\"og:image:height\" content=\"2560\" \/>\n\t<meta property=\"og:image:type\" content=\"image\/webp\" \/>\n<meta name=\"twitter:card\" content=\"summary_large_image\" \/>\n<meta name=\"twitter:label1\" content=\"Dur\u00e9e de lecture estim\u00e9e\" \/>\n\t<meta name=\"twitter:data1\" content=\"2 minutes\" \/>\n<script type=\"application\/ld+json\" class=\"yoast-schema-graph\">{\"@context\":\"https:\\\/\\\/schema.org\",\"@graph\":[{\"@type\":\"WebPage\",\"@id\":\"https:\\\/\\\/mathisleroux.com\\\/about\\\/\",\"url\":\"https:\\\/\\\/mathisleroux.com\\\/about\\\/\",\"name\":\"About | Mathis Leroux\",\"isPartOf\":{\"@id\":\"https:\\\/\\\/mathisleroux.com\\\/#website\"},\"primaryImageOfPage\":{\"@id\":\"https:\\\/\\\/mathisleroux.com\\\/about\\\/#primaryimage\"},\"image\":{\"@id\":\"https:\\\/\\\/mathisleroux.com\\\/about\\\/#primaryimage\"},\"thumbnailUrl\":\"https:\\\/\\\/mathisleroux.com\\\/wp-content\\\/uploads\\\/2026\\\/03\\\/IMG_6906-768x1024.webp\",\"datePublished\":\"2025-08-17T15:42:40+00:00\",\"dateModified\":\"2026-03-10T09:06:23+00:00\",\"description\":\"Mathis Leroux is a French artist born in 2004, who completed three years of training at an art school. He works with wood and plaster.\",\"breadcrumb\":{\"@id\":\"https:\\\/\\\/mathisleroux.com\\\/about\\\/#breadcrumb\"},\"inLanguage\":\"fr-FR\",\"potentialAction\":[{\"@type\":\"ReadAction\",\"target\":[\"https:\\\/\\\/mathisleroux.com\\\/about\\\/\"]}]},{\"@type\":\"ImageObject\",\"inLanguage\":\"fr-FR\",\"@id\":\"https:\\\/\\\/mathisleroux.com\\\/about\\\/#primaryimage\",\"url\":\"https:\\\/\\\/mathisleroux.com\\\/wp-content\\\/uploads\\\/2026\\\/03\\\/IMG_6906-768x1024.webp\",\"contentUrl\":\"https:\\\/\\\/mathisleroux.com\\\/wp-content\\\/uploads\\\/2026\\\/03\\\/IMG_6906-768x1024.webp\"},{\"@type\":\"BreadcrumbList\",\"@id\":\"https:\\\/\\\/mathisleroux.com\\\/about\\\/#breadcrumb\",\"itemListElement\":[{\"@type\":\"ListItem\",\"position\":1,\"name\":\"Accueil\",\"item\":\"https:\\\/\\\/mathisleroux.com\\\/\"},{\"@type\":\"ListItem\",\"position\":2,\"name\":\"About\"}]},{\"@type\":\"WebSite\",\"@id\":\"https:\\\/\\\/mathisleroux.com\\\/#website\",\"url\":\"https:\\\/\\\/mathisleroux.com\\\/\",\"name\":\"Mathis Leroux\",\"description\":\"Contemporary Wood Portraits &amp; Stone-Effect Art\",\"potentialAction\":[{\"@type\":\"SearchAction\",\"target\":{\"@type\":\"EntryPoint\",\"urlTemplate\":\"https:\\\/\\\/mathisleroux.com\\\/?s={search_term_string}\"},\"query-input\":{\"@type\":\"PropertyValueSpecification\",\"valueRequired\":true,\"valueName\":\"search_term_string\"}}],\"inLanguage\":\"fr-FR\"}]}<\/script>\n<!-- \/ Yoast SEO plugin. -->","yoast_head_json":{"title":"About | Mathis Leroux","description":"Mathis Leroux is a French artist born in 2004, who completed three years of training at an art school. He works with wood and plaster.","robots":{"index":"index","follow":"follow","max-snippet":"max-snippet:-1","max-image-preview":"max-image-preview:large","max-video-preview":"max-video-preview:-1"},"canonical":"https:\/\/mathisleroux.com\/fr\/about\/","og_locale":"fr_FR","og_type":"article","og_title":"About | Mathis Leroux","og_description":"Mathis Leroux is a French artist born in 2004, who completed three years of training at an art school. He works with wood and plaster.","og_url":"https:\/\/mathisleroux.com\/fr\/about\/","og_site_name":"Mathis Leroux","article_modified_time":"2026-03-10T09:06:23+00:00","og_image":[{"width":1920,"height":2560,"url":"https:\/\/mathisleroux.com\/wp-content\/uploads\/2026\/03\/IMG_6906-scaled.webp","type":"image\/webp"}],"twitter_card":"summary_large_image","twitter_misc":{"Dur\u00e9e de lecture estim\u00e9e":"2 minutes"},"schema":{"@context":"https:\/\/schema.org","@graph":[{"@type":"WebPage","@id":"https:\/\/mathisleroux.com\/about\/","url":"https:\/\/mathisleroux.com\/about\/","name":"About | Mathis Leroux","isPartOf":{"@id":"https:\/\/mathisleroux.com\/#website"},"primaryImageOfPage":{"@id":"https:\/\/mathisleroux.com\/about\/#primaryimage"},"image":{"@id":"https:\/\/mathisleroux.com\/about\/#primaryimage"},"thumbnailUrl":"https:\/\/mathisleroux.com\/wp-content\/uploads\/2026\/03\/IMG_6906-768x1024.webp","datePublished":"2025-08-17T15:42:40+00:00","dateModified":"2026-03-10T09:06:23+00:00","description":"Mathis Leroux is a French artist born in 2004, who completed three years of training at an art school. He works with wood and plaster.","breadcrumb":{"@id":"https:\/\/mathisleroux.com\/about\/#breadcrumb"},"inLanguage":"fr-FR","potentialAction":[{"@type":"ReadAction","target":["https:\/\/mathisleroux.com\/about\/"]}]},{"@type":"ImageObject","inLanguage":"fr-FR","@id":"https:\/\/mathisleroux.com\/about\/#primaryimage","url":"https:\/\/mathisleroux.com\/wp-content\/uploads\/2026\/03\/IMG_6906-768x1024.webp","contentUrl":"https:\/\/mathisleroux.com\/wp-content\/uploads\/2026\/03\/IMG_6906-768x1024.webp"},{"@type":"BreadcrumbList","@id":"https:\/\/mathisleroux.com\/about\/#breadcrumb","itemListElement":[{"@type":"ListItem","position":1,"name":"Accueil","item":"https:\/\/mathisleroux.com\/"},{"@type":"ListItem","position":2,"name":"About"}]},{"@type":"WebSite","@id":"https:\/\/mathisleroux.com\/#website","url":"https:\/\/mathisleroux.com\/","name":"Mathis Leroux","description":"Contemporary Wood Portraits &amp; Stone-Effect Art","potentialAction":[{"@type":"SearchAction","target":{"@type":"EntryPoint","urlTemplate":"https:\/\/mathisleroux.com\/?s={search_term_string}"},"query-input":{"@type":"PropertyValueSpecification","valueRequired":true,"valueName":"search_term_string"}}],"inLanguage":"fr-FR"}]}},"uagb_featured_image_src":{"full":false,"thumbnail":false,"medium":false,"medium_large":false,"large":false,"1536x1536":false,"2048x2048":false,"trp-custom-language-flag":false,"woocommerce_thumbnail":false,"woocommerce_single":false,"woocommerce_gallery_thumbnail":false},"uagb_author_info":{"display_name":"Mathis","author_link":"https:\/\/mathisleroux.com\/fr\/author\/mathis\/"},"uagb_comment_info":0,"uagb_excerpt":null,"jetpack_sharing_enabled":true,"_links":{"self":[{"href":"https:\/\/mathisleroux.com\/fr\/wp-json\/wp\/v2\/pages\/202","targetHints":{"allow":["GET"]}}],"collection":[{"href":"https:\/\/mathisleroux.com\/fr\/wp-json\/wp\/v2\/pages"}],"about":[{"href":"https:\/\/mathisleroux.com\/fr\/wp-json\/wp\/v2\/types\/page"}],"author":[{"embeddable":true,"href":"https:\/\/mathisleroux.com\/fr\/wp-json\/wp\/v2\/users\/1"}],"replies":[{"embeddable":true,"href":"https:\/\/mathisleroux.com\/fr\/wp-json\/wp\/v2\/comments?post=202"}],"version-history":[{"count":50,"href":"https:\/\/mathisleroux.com\/fr\/wp-json\/wp\/v2\/pages\/202\/revisions"}],"predecessor-version":[{"id":1590,"href":"https:\/\/mathisleroux.com\/fr\/wp-json\/wp\/v2\/pages\/202\/revisions\/1590"}],"wp:attachment":[{"href":"https:\/\/mathisleroux.com\/fr\/wp-json\/wp\/v2\/media?parent=202"}],"curies":[{"name":"wp","href":"https:\/\/api.w.org\/{rel}","templated":true}]}}